{"id":4162,"date":"2026-02-25T16:46:31","date_gmt":"2026-02-25T16:46:31","guid":{"rendered":"https:\/\/comf.fi\/?post_type=product&#038;p=4162"},"modified":"2026-02-26T19:24:32","modified_gmt":"2026-02-26T19:24:32","slug":"3m-silberne-vertiefte-mittelschleifscheibe-44538-t27-4-5-in-x-1-4-inx-7-8-in","status":"publish","type":"product","link":"https:\/\/comf.fi\/de\/produkt\/3m-silberne-vertiefte-mittelschleifscheibe-44538-t27-4-5-in-x-1-4-inx-7-8-in\/","title":{"rendered":"3M Silberne Schleifscheibe mit vertiefter Mitte, 44538, T27, 4,5 Zoll x 1\/4 Zoll x 7\/8 Zoll"},"content":{"rendered":"<p data-start=\"277\" data-end=\"708\">Dieses Rad ist Teil der 3M-Produktlinie. <strong data-start=\"304\" data-end=\"333\">Schleifmittel der Advanced Series<\/strong>, entwickelt f\u00fcr <strong data-start=\"350\" data-end=\"386\">schweres Schleifen und Materialabtrag<\/strong>Es ist besonders n\u00fctzlich bei anspruchsvollen Metallbearbeitungsaufgaben wie Schwei\u00dfnahtschleifen, Anfasen, Kantenanfasen und Oberfl\u00e4chenvorbereitung. Es kombiniert <strong data-start=\"521\" data-end=\"558\">3M Pr\u00e4zisionsgeformtes Keramikkorn<\/strong> f\u00fcr gleichbleibende Schneidleistung, lange Lebensdauer und \u00fcberlegene Haltbarkeit im Vergleich zu herk\u00f6mmlichen Schleifscheiben.<\/p>\n<h3 data-start=\"710\" data-end=\"731\">\ud83d\udee0 Hauptmerkmale<\/h3>\n<ul data-start=\"732\" data-end=\"1674\">\n<li data-start=\"732\" data-end=\"911\">\n<p data-start=\"734\" data-end=\"911\"><strong data-start=\"734\" data-end=\"766\">Konzipiert f\u00fcr schwere Schleifarbeiten:<\/strong> Ideal f\u00fcr <strong data-start=\"777\" data-end=\"817\">Anfasen, Entfernen von Schwei\u00dfn\u00e4hten, Entfernen von Schlacke<\/strong> und andere aggressive Schleifanwendungen an Metallen.<\/p>\n<\/li>\n<li data-start=\"912\" data-end=\"1052\">\n<p data-start=\"914\" data-end=\"1052\"><strong data-start=\"914\" data-end=\"937\">Breiter Materialeinsatz:<\/strong> Geeignet f\u00fcr <strong data-start=\"951\" data-end=\"1011\">Kohlenstoffstahl, Edelstahl und andere Metallsubstrate<\/strong>.<\/p>\n<\/li>\n<li data-start=\"1053\" data-end=\"1238\">\n<p data-start=\"1055\" data-end=\"1238\"><strong data-start=\"1055\" data-end=\"1082\">Pr\u00e4zisionsgeformtes Maserung:<\/strong> Selbstbrechendes Keramikschleifmittel schneidet schnell und stumpft weniger ab, wodurch die Schnittleistung erhalten bleibt und die Standzeit der Schleifscheibe verl\u00e4ngert wird.<\/p>\n<\/li>\n<li data-start=\"1239\" data-end=\"1382\">\n<p data-start=\"1241\" data-end=\"1382\"><strong data-start=\"1241\" data-end=\"1276\">Form des vertieften Mittelteils Typ 27:<\/strong> Passend f\u00fcr die meisten <strong data-start=\"1298\" data-end=\"1316\">Winkelschleifer<\/strong> mit Gewindespindel 7\/8\u2033.<\/p>\n<\/li>\n<li data-start=\"1383\" data-end=\"1558\">\n<p data-start=\"1385\" data-end=\"1558\"><strong data-start=\"1385\" data-end=\"1417\">Langlebigkeit und Produktivit\u00e4t:<\/strong> Hilft dabei, Ausfallzeiten und Radwechsel zu reduzieren, insbesondere bei <strong data-start=\"1476\" data-end=\"1517\">Roboter- oder Hochdruckanwendungen<\/strong>.<\/p>\n<\/li>\n<li data-start=\"1559\" data-end=\"1674\">\n<p data-start=\"1561\" data-end=\"1674\"><strong data-start=\"1561\" data-end=\"1572\">Sicherheit:<\/strong> Nur mit einer zugelassenen Schutzvorrichtung gem\u00e4\u00df den Sicherheitsstandards verwenden.<\/p>\n<\/li>\n<\/ul>\n<h3 data-start=\"1676\" data-end=\"1699\">\ud83d\udccf Spezifikationen<\/h3>\n<ul data-start=\"1700\" data-end=\"2099\">\n<li data-start=\"1700\" data-end=\"1773\">\n<p data-start=\"1702\" data-end=\"1773\"><strong data-start=\"1702\" data-end=\"1715\">Durchmesser:<\/strong> 4,5 Zoll (114,3 mm)<\/p>\n<\/li>\n<li data-start=\"1774\" data-end=\"1849\">\n<p data-start=\"1776\" data-end=\"1849\"><strong data-start=\"1776\" data-end=\"1790\">Dicke:<\/strong> 1\/4 Zoll (6,35 mm)<\/p>\n<\/li>\n<li data-start=\"1850\" data-end=\"1928\">\n<p data-start=\"1852\" data-end=\"1928\"><strong data-start=\"1852\" data-end=\"1867\">Laubenloch:<\/strong> 7\/8 Zoll (22,225 mm)<\/p>\n<\/li>\n<li data-start=\"1929\" data-end=\"2020\">\n<p data-start=\"1931\" data-end=\"2020\"><strong data-start=\"1931\" data-end=\"1944\">Material:<\/strong> Pr\u00e4zisionsgeformtes Keramikschleifmittel<\/p>\n<\/li>\n<li data-start=\"2021\" data-end=\"2099\">\n<p data-start=\"2023\" data-end=\"2099\"><strong data-start=\"2023\" data-end=\"2038\">Radtyp:<\/strong> T27 abgesenktes Zentrum<\/p>\n<\/li>\n<\/ul>\n<h3 data-start=\"2101\" data-end=\"2133\">\ud83d\udc77\u200d\u2642\ufe0f Typische Anwendungen<\/h3>\n<p data-start=\"2134\" data-end=\"2202\">Diese Schleifscheibe findet breite Anwendung in industriellen Umgebungen f\u00fcr:<\/p>\n<ul data-start=\"2203\" data-end=\"2483\">\n<li data-start=\"2203\" data-end=\"2249\">\n<p data-start=\"2205\" data-end=\"2249\">Schwei\u00dfnaht verblenden und \u00fcbersch\u00fcssiges Schwei\u00dfgut entfernen<\/p>\n<\/li>\n<li data-start=\"2250\" data-end=\"2283\">\n<p data-start=\"2252\" data-end=\"2283\">Fasen und Kantenvorbereitung<\/p>\n<\/li>\n<li data-start=\"2284\" data-end=\"2347\">\n<p data-start=\"2286\" data-end=\"2347\">Schwerer Materialabtrag f\u00fcr Wartung, Reparatur und Fertigung<\/p>\n<\/li>\n<li data-start=\"2348\" data-end=\"2394\">\n<p data-start=\"2350\" data-end=\"2394\">Schleifen von Baustahl und Edelstahl<\/p>\n<\/li>\n<li data-start=\"2395\" data-end=\"2483\">\n<p data-start=\"2397\" data-end=\"2483\">Arbeiten mit pneumatischen oder elektrischen Winkelschleifern<\/p>\n<\/li>\n<\/ul>\n<hr data-start=\"2485\" data-end=\"2488\" \/>\n<p data-start=\"2490\" data-end=\"2797\">\ud83d\udca1 <strong data-start=\"2493\" data-end=\"2505\">Zusammenfassung:<\/strong> Die 3M Silver Depressed Center Grinding Wheel 44538 ist eine robuste, leistungsstarke Schleifscheibe, die dank der Pr\u00e4zisionskeramikkorntechnologie von 3M f\u00fcr effizienten Materialabtrag und lange Lebensdauer bei anspruchsvollen Metallbearbeitungsanwendungen sorgt.<\/p>\n<div id=\"mttContainer\" class=\"notranslate\" style=\"transform: translate(729px, 212px);\" aria-expanded=\"false\">\n<div id=\"tippy-1\" style=\"z-index: 100000200; visibility: hidden; position: absolute; inset: auto auto 0px 0px; margin: 0px; transform: translate(399px, -20px);\" data-tippy-root=\"\">\n<div class=\"tippy-box\" style=\"max-width: 350px; transition-duration: 250ms;\" tabindex=\"-1\" role=\"mtttooltip\" data-state=\"hidden\" data-theme=\"custom\" data-animation=\"fade\" data-placement=\"top\">\n<div class=\"tippy-content\" style=\"transition-duration: 250ms;\" data-state=\"hidden\"><span dir=\"ltr\">Breites Materialanwendungsgebiet: Geeignet f\u00fcr Kohlenstoffstahl, Edelstahl und andere Metallsubstrate.<\/span><\/div>\n<div class=\"tippy-arrow\" style=\"position: absolute; left: 0px; transform: translate(92px, 0px);\"><\/div>\n<\/div>\n<\/div>\n<\/div>","protected":false},"excerpt":{"rendered":"<p>This wheel is part of 3M\u2019s Advanced Series abrasives, engineered for heavy grinding and stock removal, especially useful in demanding metalworking tasks like weld grinding, beveling, edge chamfering and surface preparation. It combines 3M Precision-Shaped Ceramic Grain for consistent cutting performance, long life, and superior durability compared to traditional abrasive wheels. \ud83d\udee0 Key Features Designed [&hellip;]<\/p>","protected":false},"featured_media":4164,"comment_status":"open","ping_status":"closed","template":"","meta":[],"product_brand":[153],"product_cat":[155],"product_tag":[],"class_list":{"0":"post-4162","1":"product","2":"type-product","3":"status-publish","4":"has-post-thumbnail","6":"product_brand-3m","7":"product_cat-cutting-discs","9":"first","10":"instock","11":"featured","12":"shipping-taxable","13":"purchasable","14":"product-type-simple"},"jetpack_sharing_enabled":true,"_links":{"self":[{"href":"https:\/\/comf.fi\/de\/wp-json\/wp\/v2\/product\/4162","targetHints":{"allow":["GET"]}}],"collection":[{"href":"https:\/\/comf.fi\/de\/wp-json\/wp\/v2\/product"}],"about":[{"href":"https:\/\/comf.fi\/de\/wp-json\/wp\/v2\/types\/product"}],"replies":[{"embeddable":true,"href":"https:\/\/comf.fi\/de\/wp-json\/wp\/v2\/comments?post=4162"}],"wp:featuredmedia":[{"embeddable":true,"href":"https:\/\/comf.fi\/de\/wp-json\/wp\/v2\/media\/4164"}],"wp:attachment":[{"href":"https:\/\/comf.fi\/de\/wp-json\/wp\/v2\/media?parent=4162"}],"wp:term":[{"taxonomy":"product_brand","embeddable":true,"href":"https:\/\/comf.fi\/de\/wp-json\/wp\/v2\/product_brand?post=4162"},{"taxonomy":"product_cat","embeddable":true,"href":"https:\/\/comf.fi\/de\/wp-json\/wp\/v2\/product_cat?post=4162"},{"taxonomy":"product_tag","embeddable":true,"href":"https:\/\/comf.fi\/de\/wp-json\/wp\/v2\/product_tag?post=4162"}],"curies":[{"name":"wp","href":"https:\/\/api.w.org\/{rel}","templated":true}]}}