{"id":2938,"date":"2021-04-17T13:14:00","date_gmt":"2021-04-17T13:14:00","guid":{"rendered":"https:\/\/comf.fi\/?page_id=2938"},"modified":"2021-04-17T13:14:00","modified_gmt":"2021-04-17T13:14:00","slug":"faq","status":"publish","type":"page","link":"https:\/\/comf.fi\/es\/faq\/","title":{"rendered":"Preguntas frecuentes"},"content":{"rendered":"<div class=\"wpb-content-wrapper\"><div class=\"vc_row wpb_row vc_row-fluid vc_custom_1618839550177 vc_column-gap-24 vc-row-296214\" >\n\t<div class=\"container et-clearfix\">\n\t\t<div class=\"wpb_column vc_column_container vc_col-sm-12 text-align-none vc-column-543398\" >\n\t<div class=\"vc_column-inner vci\" >\n\t\t<div class=\"wpb_wrapper\">\n\t\t\t<div id=\"et-icon-box-348062\" class=\"et-icon-box vci icon-position-left icon-alignment-left animation-none small no-content\" data-effect=\"none\"><div class=\"et-icon-box-inner et-clearfix small\"><div class=\"et-icon small\"><svg xmlns=\"http:\/\/www.w3.org\/2000\/svg\" viewbox=\"0 0 511.796 511.796\"><path d=\"M297.009 248.725h-64.395l12.404 96.773.006.074h51.986v-96.847zM391.297 248.725h-64.289v96.847h51.981c.004-.036.004-.07.008-.106zM437.695 121.641l-12.343 97.084h71.777l13.812-59.811c4.631-17.589-10.193-37.384-29.396-37.114l-43.848-.177-.002.018zM297.009 121.056l-80.802-.325 12.561 97.994h68.241zM421.538 248.725l-12.313 96.847h28.83c17.535 0 32.537-11.933 36.481-29.017l15.664-67.83z\"><\/path><path d=\"M214.781 345.572l-12.414-96.847h-74.145l18.001 66.786c-12.003.436-23.183 5.318-31.661 13.92-8.908 9.04-13.692 21.006-13.471 33.695.442 25.377 21.451 46.023 46.833 46.023h21.872a52.18 52.18 0 00-5.076 22.501c0 28.95 23.552 52.502 52.502 52.502s52.502-23.552 52.502-52.502a52.177 52.177 0 00-5.077-22.501h94.716a52.185 52.185 0 00-5.073 22.493c0 28.95 23.553 52.502 52.502 52.502 28.95 0 52.503-23.553 52.503-52.502a52.174 52.174 0 00-5.464-23.285c5.936-1.999 10.216-7.598 10.216-14.207 0-8.284-6.716-15-15-15H147.923c-22.388-1.148-21.92-32.65.049-33.68zM327.009 121.177v97.548h68.103l12.36-97.223z\"><\/path><g><path d=\"M77.959 62.235l7.505 27.847h31.07l-9.614-35.67c-4.267-15.761-18.65-26.768-34.978-26.768H15c-8.284 0-15 6.716-15 15s6.716 15 15 15h56.942a6.243 6.243 0 016.017 4.591zM185.96 120.717l-.004-.048H93.709c3.474 12.896 22.586 83.796 26.429 98.056h78.385z\"><\/path><\/g><\/svg> <\/div><div class=\"et-icon-content\"><h6 class=\"et-icon-box-title\">Comprando con nosotros<\/h6><\/div><\/div><\/div><span class=\"et-gap et-clearfix et-gap-310352\"><\/span><div class=\"et-accordion-wrapper\"><div id=\"et-accordion-778566\" class=\"et-accordion et-clearfix collapsible-false\"><div class=\"toggle-title et-clearfix\">\u00bfTienes mi producto en stock?<span class=\"toggle-ind\"><svg xmlns=\"http:\/\/www.w3.org\/2000\/svg\" viewbox=\"0 0 240.823 240.823\"><path d=\"M57.633 129.007L165.93 237.268c4.752 4.74 12.451 4.74 17.215 0 4.752-4.74 4.752-12.439 0-17.179l-99.707-99.671 99.695-99.671c4.752-4.74 4.752-12.439 0-17.191-4.752-4.74-12.463-4.74-17.215 0L57.621 111.816c-4.679 4.691-4.679 12.511.012 17.191z\"\/><\/svg>\n<\/span><\/div> <div id=\"do-you-have-my-product-in-stock-1\" class=\"toggle-content\"><div class=\"toggle-content-inner et-clearfix\">\n<div class=\"wpb_text_column wpb_content_element\"  data-del=\"0\">\n\t<div class=\"wpb_wrapper\">\n\t\t<p>En la p\u00e1gina de cada producto hay un indicador de stock que muestra la disponibilidad. No mostramos art\u00edculos agotados. Si ha visto algo en nuestro sitio web y ya no lo encuentra, o ya lo ha pedido, siempre vale la pena llamar para saber cu\u00e1ndo llegar\u00e1n las nuevas existencias.<\/p>\n\t<\/div>\n<\/div>\n\n<\/div> <\/div><div class=\"toggle-title et-clearfix\">\u00bfEntregan al d\u00eda siguiente?<span class=\"toggle-ind\"><svg xmlns=\"http:\/\/www.w3.org\/2000\/svg\" viewbox=\"0 0 240.823 240.823\"><path d=\"M57.633 129.007L165.93 237.268c4.752 4.74 12.451 4.74 17.215 0 4.752-4.74 4.752-12.439 0-17.179l-99.707-99.671 99.695-99.671c4.752-4.74 4.752-12.439 0-17.191-4.752-4.74-12.463-4.74-17.215 0L57.621 111.816c-4.679 4.691-4.679 12.511.012 17.191z\"\/><\/svg>\n<\/span><\/div> <div id=\"do-you-deliver-the-next-day-2\" class=\"toggle-content\"><div class=\"toggle-content-inner et-clearfix\">\n<div class=\"wpb_text_column wpb_content_element\"  data-del=\"0\">\n\t<div class=\"wpb_wrapper\">\n\t\t<p>\u00a1S\u00ed! Muchos de nuestros productos se entregan al d\u00eda siguiente. Adem\u00e1s, contamos con un excelente servicio de mensajer\u00eda que te avisa con una hora de antelaci\u00f3n la ma\u00f1ana del d\u00eda de tu entrega, adem\u00e1s de un mensaje de \"Eres el siguiente\" cuando el repartidor est\u00e1 a una entrega de distancia.<\/p>\n<p>Consulta la p\u00e1gina del producto para ver el servicio de entrega disponible. Para m\u00e1s informaci\u00f3n sobre las opciones de entrega, haz clic en\u00a0<a href=\"#\">aqu\u00ed.<\/a><\/p>\n\t<\/div>\n<\/div>\n\n<\/div> <\/div><div class=\"toggle-title et-clearfix\">\u00bfQu\u00e9 opciones de env\u00edo ofrecen?<span class=\"toggle-ind\"><svg xmlns=\"http:\/\/www.w3.org\/2000\/svg\" viewbox=\"0 0 240.823 240.823\"><path d=\"M57.633 129.007L165.93 237.268c4.752 4.74 12.451 4.74 17.215 0 4.752-4.74 4.752-12.439 0-17.179l-99.707-99.671 99.695-99.671c4.752-4.74 4.752-12.439 0-17.191-4.752-4.74-12.463-4.74-17.215 0L57.621 111.816c-4.679 4.691-4.679 12.511.012 17.191z\"\/><\/svg>\n<\/span><\/div> <div id=\"what-delivery-options-do-you-offer-3\" class=\"toggle-content\"><div class=\"toggle-content-inner et-clearfix\">\n<div class=\"wpb_text_column wpb_content_element\"  data-del=\"0\">\n\t<div class=\"wpb_wrapper\">\n\t\t<p>En muchas de nuestras herramientas, ofrecemos diferentes opciones de entrega para que recibas tu paquete cuando te convenga. Ofrecemos entrega al d\u00eda siguiente en muchas herramientas y dos servicios de entrega premium adicionales: \"Entrega al d\u00eda siguiente antes de las 10:30 h\" y \"Entrega los s\u00e1bados\".<\/p>\n<p>Puede seleccionar su m\u00e9todo de entrega al finalizar la compra. Para la mayor\u00eda de nuestros env\u00edos, requerimos una firma para garantizar que lleguen sanos y salvos. Aseg\u00farese de que haya alguien disponible en su trabajo o domicilio para recibir la entrega.<\/p>\n\t<\/div>\n<\/div>\n\n<\/div> <\/div><div class=\"toggle-title et-clearfix\">\u00bfC\u00f3mo s\u00e9 cuando mi pedido ha sido enviado?<span class=\"toggle-ind\"><svg xmlns=\"http:\/\/www.w3.org\/2000\/svg\" viewbox=\"0 0 240.823 240.823\"><path d=\"M57.633 129.007L165.93 237.268c4.752 4.74 12.451 4.74 17.215 0 4.752-4.74 4.752-12.439 0-17.179l-99.707-99.671 99.695-99.671c4.752-4.74 4.752-12.439 0-17.191-4.752-4.74-12.463-4.74-17.215 0L57.621 111.816c-4.679 4.691-4.679 12.511.012 17.191z\"\/><\/svg>\n<\/span><\/div> <div id=\"how-do-i-know-when-my-order-has-been-dispatched-4\" class=\"toggle-content\"><div class=\"toggle-content-inner et-clearfix\">\n<div class=\"wpb_text_column wpb_content_element\"  data-del=\"0\">\n\t<div class=\"wpb_wrapper\">\n\t\t<p>Cuando se hayan enviado sus productos, recibir\u00e1 una confirmaci\u00f3n por correo electr\u00f3nico a la direcci\u00f3n de correo electr\u00f3nico proporcionada. Es importante que nos proporcione una direcci\u00f3n de correo electr\u00f3nico, ya que puede ser la forma m\u00e1s r\u00e1pida y eficiente de comunicarnos con usted.<\/p>\n\t<\/div>\n<\/div>\n\n<\/div> <\/div><\/div><\/div>\t\t<\/div>\n\t\t\t<\/div>\n<\/div><div class=\"wpb_column vc_column_container vc_col-sm-12 text-align-none vc-column-530189\" >\n\t<div class=\"vc_column-inner vci\" >\n\t\t<div class=\"wpb_wrapper\">\n\t\t\t<span class=\"et-gap et-clearfix et-gap-185064\"><\/span><div id=\"et-icon-box-381339\" class=\"et-icon-box vci icon-position-left icon-alignment-left animation-none small no-content\" data-effect=\"none\"><div class=\"et-icon-box-inner et-clearfix small\"><div class=\"et-icon small\"><svg xmlns=\"http:\/\/www.w3.org\/2000\/svg\" viewbox=\"0 0 512 512\"><path d=\"M136 210c-24.814 0-45 20.186-45 45v122c0 24.814 20.186 45 45 45s45-20.186 45-45V255c0-24.814-20.186-45-45-45zM61 255c0-4.327.571-8.507 1.278-12.634C44.2 248.209 31 265.001 31 285v62c0 19.999 13.2 36.791 31.278 42.634C61.571 385.507 61 381.327 61 377V255zM376 210c-24.814 0-45 20.186-45 45v122c0 24.814 20.186 45 45 45 4.51 0 8.782-.868 12.892-2.108C383.308 438.401 366.305 452 346 452h-47.763c-6.213-17.422-22.707-30-42.237-30-24.814 0-45 20.186-45 45s20.186 45 45 45c19.53 0 36.024-12.578 42.237-30H346c41.353 0 75-33.647 75-75V255c0-24.814-20.186-45-45-45zM449.722 242.366c.707 4.127 1.278 8.307 1.278 12.634v122c0 4.327-.571 8.507-1.278 12.634C467.8 383.791 481 366.999 481 347v-62c0-19.999-13.2-36.791-31.278-42.634z\"><\/path><path d=\"M256 0C131.928 0 31 100.928 31 225v.383c8.937-6.766 19.277-11.717 30.687-13.934C68.698 110.251 153.054 30 256 30s187.302 80.251 194.313 181.448c11.409 2.217 21.749 7.169 30.687 13.934V225C481 100.928 380.072 0 256 0z\"><\/path><\/svg> <\/div><div class=\"et-icon-content\"><h6 class=\"et-icon-box-title\">Soporte postventa<\/h6><\/div><\/div><\/div><span class=\"et-gap et-clearfix et-gap-723432\"><\/span><div class=\"et-accordion-wrapper\"><div id=\"et-accordion-945476\" class=\"et-accordion et-clearfix collapsible-false\"><div class=\"toggle-title et-clearfix\">Mi mercanc\u00eda lleg\u00f3 da\u00f1ada \u00bfqu\u00e9 debo hacer?<span class=\"toggle-ind\"><svg xmlns=\"http:\/\/www.w3.org\/2000\/svg\" viewbox=\"0 0 240.823 240.823\"><path d=\"M57.633 129.007L165.93 237.268c4.752 4.74 12.451 4.74 17.215 0 4.752-4.74 4.752-12.439 0-17.179l-99.707-99.671 99.695-99.671c4.752-4.74 4.752-12.439 0-17.191-4.752-4.74-12.463-4.74-17.215 0L57.621 111.816c-4.679 4.691-4.679 12.511.012 17.191z\"\/><\/svg>\n<\/span><\/div> <div id=\"my-goods-arrived-damaged-what-should-i-do-5\" class=\"toggle-content\"><div class=\"toggle-content-inner et-clearfix\">\n<div class=\"wpb_text_column wpb_content_element\"  data-del=\"0\">\n\t<div class=\"wpb_wrapper\">\n\t\t<p>Lamentamos que su mercanc\u00eda no haya llegado en las condiciones esperadas. En el improbable caso de que reciba mercanc\u00eda da\u00f1ada, por favor, p\u00f3ngase en contacto con nosotros e inf\u00f3rmenos. Todos nuestros productos se revisan y embalan cuidadosamente antes de su env\u00edo; sin embargo, sabemos que pueden ocurrir accidentes durante el transporte. Podr\u00edamos pedirle que tome fotograf\u00edas, as\u00ed que le recomendamos que nos las env\u00ede por correo electr\u00f3nico junto con los detalles de su pedido, incluyendo el n\u00famero de pedido. Una vez enviadas, puede llamarnos para que podamos organizar la recogida del art\u00edculo y el env\u00edo de un reemplazo lo antes posible.<\/p>\n\t<\/div>\n<\/div>\n\n<\/div> <\/div><div class=\"toggle-title et-clearfix\">Falta un art\u00edculo en mi pedido.<span class=\"toggle-ind\"><svg xmlns=\"http:\/\/www.w3.org\/2000\/svg\" viewbox=\"0 0 240.823 240.823\"><path d=\"M57.633 129.007L165.93 237.268c4.752 4.74 12.451 4.74 17.215 0 4.752-4.74 4.752-12.439 0-17.179l-99.707-99.671 99.695-99.671c4.752-4.74 4.752-12.439 0-17.191-4.752-4.74-12.463-4.74-17.215 0L57.621 111.816c-4.679 4.691-4.679 12.511.012 17.191z\"\/><\/svg>\n<\/span><\/div> <div id=\"there-is-an-item-missing-from-my-order-6\" class=\"toggle-content\"><div class=\"toggle-content-inner et-clearfix\">\n<div class=\"wpb_text_column wpb_content_element\"  data-del=\"0\">\n\t<div class=\"wpb_wrapper\">\n\t\t<p>Si le falta un art\u00edculo que esperaba recibir con el resto de su pedido, no dude en llamarnos para que lo investiguemos. Es posible que los art\u00edculos se hayan enviado individualmente; sin embargo, lo investigaremos de inmediato y le informaremos. Si falta un art\u00edculo, tambi\u00e9n es posible que est\u00e9 agotado. En ese caso, habr\u00edamos intentado contactarle para informarle. Tambi\u00e9n puede consultar su correo electr\u00f3nico por si no pudo contactarnos; le hemos enviado un correo electr\u00f3nico para informarle. Intentaremos resolverlo lo antes posible.<\/p>\n\t<\/div>\n<\/div>\n\n<\/div> <\/div><div class=\"toggle-title et-clearfix\">\u00bfC\u00f3mo devuelvo un pedido?<span class=\"toggle-ind\"><svg xmlns=\"http:\/\/www.w3.org\/2000\/svg\" viewbox=\"0 0 240.823 240.823\"><path d=\"M57.633 129.007L165.93 237.268c4.752 4.74 12.451 4.74 17.215 0 4.752-4.74 4.752-12.439 0-17.179l-99.707-99.671 99.695-99.671c4.752-4.74 4.752-12.439 0-17.191-4.752-4.74-12.463-4.74-17.215 0L57.621 111.816c-4.679 4.691-4.679 12.511.012 17.191z\"\/><\/svg>\n<\/span><\/div> <div id=\"how-do-i-return-an-order-7\" class=\"toggle-content\"><div class=\"toggle-content-inner et-clearfix\">\n<div class=\"wpb_text_column wpb_content_element\"  data-del=\"0\">\n\t<div class=\"wpb_wrapper\">\n\t\t<p>Puede devolver su pedido a nuestra direcci\u00f3n (ver a la derecha) en un plazo de 14 d\u00edas laborables. Aseg\u00farese de que el\/los art\u00edculo(s) se devuelva(n) en el mismo embalaje (si ven\u00edan en una caja de marca, bolsa sellada, etc.) y que est\u00e9n bien envueltos para que nos lleguen sanos y salvos. Una vez recibido el art\u00edculo y comprobado que se encuentra en condiciones de venta, le reembolsaremos el importe \u00edntegro del producto a su cuenta.<\/p>\n\t<\/div>\n<\/div>\n\n<\/div> <\/div><div class=\"toggle-title et-clearfix\">Mi pedido no ha llegado, \u00bfme pueden ayudar?<span class=\"toggle-ind\"><svg xmlns=\"http:\/\/www.w3.org\/2000\/svg\" viewbox=\"0 0 240.823 240.823\"><path d=\"M57.633 129.007L165.93 237.268c4.752 4.74 12.451 4.74 17.215 0 4.752-4.74 4.752-12.439 0-17.179l-99.707-99.671 99.695-99.671c4.752-4.74 4.752-12.439 0-17.191-4.752-4.74-12.463-4.74-17.215 0L57.621 111.816c-4.679 4.691-4.679 12.511.012 17.191z\"\/><\/svg>\n<\/span><\/div> <div id=\"my-order-hasnt-arrived-please-help-8\" class=\"toggle-content\"><div class=\"toggle-content-inner et-clearfix\">\n<div class=\"wpb_text_column wpb_content_element\"  data-del=\"0\">\n\t<div class=\"wpb_wrapper\">\n\t\t<p>Por favor, revise la confirmaci\u00f3n de su pedido para asegurarse de que recibir\u00e1 el art\u00edculo antes de contactarnos. Recuerde que si realiz\u00f3 el pedido despu\u00e9s de las 15:00, el plazo de entrega ser\u00e1 de un d\u00eda laborable adicional. Tenga a mano su tel\u00e9fono, ya que es posible que un mensajero se ponga en contacto con usted para solicitarle indicaciones m\u00e1s detalladas. No dude en llamarnos para que podamos investigar si hay alg\u00fan motivo del retraso. Consulte nuestros datos de contacto (a la derecha) para ver el n\u00famero de tel\u00e9fono y el horario de atenci\u00f3n.<\/p>\n\t<\/div>\n<\/div>\n\n<\/div> <\/div><\/div><\/div>\t\t<\/div>\n\t\t\t<\/div>\n<\/div><div class=\"wpb_column vc_column_container vc_col-sm-12 text-align-none vc-column-848644\" >\n\t<div class=\"vc_column-inner vci\" >\n\t\t<div class=\"wpb_wrapper\">\n\t\t\t<span class=\"et-gap et-clearfix et-gap-229244\"><\/span><div id=\"et-icon-box-577286\" class=\"et-icon-box vci icon-position-left icon-alignment-left animation-none small no-content\" data-effect=\"none\"><div class=\"et-icon-box-inner et-clearfix small\"><div class=\"et-icon small\"><svg xmlns=\"http:\/\/www.w3.org\/2000\/svg\" viewbox=\"0 0 396.539 396.539\"><path d=\"M264.114 170.801a3.995 3.995 0 00-1.639-3.283L115.17 59.814a4.002 4.002 0 00-4.635-.062l-66.141 45.693a4.005 4.005 0 00-1.727 3.291c0 1.313.646 2.544 1.727 3.291L195.996 216.76a3.992 3.992 0 004.546 0l61.844-42.725a3.985 3.985 0 001.728-3.234zM361.13 128.798a4.009 4.009 0 00-4.134.251L208.377 231.727a4.003 4.003 0 00-1.727 3.291v157.521c0 1.486.826 2.853 2.143 3.541a3.992 3.992 0 004.13-.25l148.619-102.676a4.001 4.001 0 001.727-3.291V132.34a3.996 3.996 0 00-2.139-3.542zM188.164 231.727L39.543 129.05a4 4 0 00-6.274 3.291v157.522c0 1.313.646 2.544 1.727 3.291L183.615 395.83a4.006 4.006 0 004.132.25 3.997 3.997 0 002.141-3.541V235.018a3.989 3.989 0 00-1.724-3.291zM133.998 50.003l147.307 107.703a3.992 3.992 0 004.633.062l66.207-45.742a3.998 3.998 0 000-6.582L200.543.708a4 4 0 00-4.546 0l-61.912 42.775a4 4 0 00-.087 6.52z\"><\/path><\/svg> <\/div><div class=\"et-icon-content\"><h6 class=\"et-icon-box-title\">Ayuda del producto<\/h6><\/div><\/div><\/div><span class=\"et-gap et-clearfix et-gap-25681\"><\/span><div class=\"et-accordion-wrapper\"><div id=\"et-accordion-706349\" class=\"et-accordion et-clearfix collapsible-false\"><div class=\"toggle-title et-clearfix\">Soy nuevo en bricolaje y no estoy seguro de qu\u00e9 herramienta necesito.<span class=\"toggle-ind\"><svg xmlns=\"http:\/\/www.w3.org\/2000\/svg\" viewbox=\"0 0 240.823 240.823\"><path d=\"M57.633 129.007L165.93 237.268c4.752 4.74 12.451 4.74 17.215 0 4.752-4.74 4.752-12.439 0-17.179l-99.707-99.671 99.695-99.671c4.752-4.74 4.752-12.439 0-17.191-4.752-4.74-12.463-4.74-17.215 0L57.621 111.816c-4.679 4.691-4.679 12.511.012 17.191z\"\/><\/svg>\n<\/span><\/div> <div id=\"i-am-new-to-diy-and-not-sure-which-tool-i-need-9\" class=\"toggle-content\"><div class=\"toggle-content-inner et-clearfix\">\n<div class=\"wpb_text_column wpb_content_element\"  data-del=\"0\">\n\t<div class=\"wpb_wrapper\">\n\t\t<p>Si necesita m\u00e1s informaci\u00f3n sobre las herramientas que est\u00e1 considerando, hemos creado una p\u00e1gina de informaci\u00f3n de producto con una descripci\u00f3n de muchas de ellas. \u00c9chele un vistazo.\u00a0<a href=\"#\">aqu\u00ed.<\/a>\u00a0Si no puede encontrar la herramienta que necesita, puede enviarnos un mensaje directamente desde esta p\u00e1gina y nos comunicaremos con usted lo antes posible.<\/p>\n\t<\/div>\n<\/div>\n\n<\/div> <\/div><div class=\"toggle-title et-clearfix\">\u00bfC\u00f3mo s\u00e9 si el producto es adecuado para el trabajo?<span class=\"toggle-ind\"><svg xmlns=\"http:\/\/www.w3.org\/2000\/svg\" viewbox=\"0 0 240.823 240.823\"><path d=\"M57.633 129.007L165.93 237.268c4.752 4.74 12.451 4.74 17.215 0 4.752-4.74 4.752-12.439 0-17.179l-99.707-99.671 99.695-99.671c4.752-4.74 4.752-12.439 0-17.191-4.752-4.74-12.463-4.74-17.215 0L57.621 111.816c-4.679 4.691-4.679 12.511.012 17.191z\"\/><\/svg>\n<\/span><\/div> <div id=\"how-do-i-know-if-the-product-is-right-for-the-job-10\" class=\"toggle-content\"><div class=\"toggle-content-inner et-clearfix\">\n<div class=\"wpb_text_column wpb_content_element\"  data-del=\"0\">\n\t<div class=\"wpb_wrapper\">\n\t\t<p>Tenemos amplios conocimientos en la industria y hemos utilizado muchas de las herramientas, pero nuestra gama es tan amplia que no podemos ser expertos en todas (\u00a1aunque nos gustar\u00eda serlo!). Recopilamos rese\u00f1as de productos, y es probable que alg\u00fan profesional o cliente con ideas afines ya haya comprado el art\u00edculo. Por lo tanto, puede ser \u00fatil leerlas r\u00e1pidamente y ver qu\u00e9 opinan. Nos encanta recibir rese\u00f1as, ya que muchos de nuestros usuarios ofrecen consejos muy \u00fatiles. Al realizar su pedido, \u00a1no olvide dejarnos una rese\u00f1a sincera!<\/p>\n\t<\/div>\n<\/div>\n\n<\/div> <\/div><div class=\"toggle-title et-clearfix\">\u00bfQu\u00e9 garant\u00eda obtengo con mi pedido?<span class=\"toggle-ind\"><svg xmlns=\"http:\/\/www.w3.org\/2000\/svg\" viewbox=\"0 0 240.823 240.823\"><path d=\"M57.633 129.007L165.93 237.268c4.752 4.74 12.451 4.74 17.215 0 4.752-4.74 4.752-12.439 0-17.179l-99.707-99.671 99.695-99.671c4.752-4.74 4.752-12.439 0-17.191-4.752-4.74-12.463-4.74-17.215 0L57.621 111.816c-4.679 4.691-4.679 12.511.012 17.191z\"\/><\/svg>\n<\/span><\/div> <div id=\"what-warranty-do-i-get-with-my-order-11\" class=\"toggle-content\"><div class=\"toggle-content-inner et-clearfix\">\n<div class=\"wpb_text_column wpb_content_element\"  data-del=\"0\">\n\t<div class=\"wpb_wrapper\">\n\t\t<p>Todos nuestros productos el\u00e9ctricos tienen 1 a\u00f1o de garant\u00eda. Muchos de nuestros fabricantes ofrecen una garant\u00eda extendida si registra su compra en su sitio web. Para m\u00e1s informaci\u00f3n sobre las garant\u00edas, haga clic aqu\u00ed.\u00a0<a href=\"#\">aqu\u00ed.<\/a><\/p>\n\t<\/div>\n<\/div>\n\n<\/div> <\/div><div class=\"toggle-title et-clearfix\">\u00bfVendes tarjetas de regalo?<span class=\"toggle-ind\"><svg xmlns=\"http:\/\/www.w3.org\/2000\/svg\" viewbox=\"0 0 240.823 240.823\"><path d=\"M57.633 129.007L165.93 237.268c4.752 4.74 12.451 4.74 17.215 0 4.752-4.74 4.752-12.439 0-17.179l-99.707-99.671 99.695-99.671c4.752-4.74 4.752-12.439 0-17.191-4.752-4.74-12.463-4.74-17.215 0L57.621 111.816c-4.679 4.691-4.679 12.511.012 17.191z\"\/><\/svg>\n<\/span><\/div> <div id=\"do-you-sell-gift-cards-12\" class=\"toggle-content\"><div class=\"toggle-content-inner et-clearfix\">\n<div class=\"wpb_text_column wpb_content_element\"  data-del=\"0\">\n\t<div class=\"wpb_wrapper\">\n\t\t<p>Estamos a punto de lanzar nuestras propias Tarjetas de Regalo Electr\u00f3nicas, as\u00ed que les informaremos en cuanto est\u00e9n disponibles en el sitio web. Son una excelente idea para cumplea\u00f1os, aniversarios y Navidad. Una vez que est\u00e9n disponibles, podr\u00e1n elegir el valor y enviarlas directamente al destinatario que deseen. Pueden elegir un dise\u00f1o y un mensaje personal, y les emitiremos un c\u00f3digo \u00fanico que podr\u00e1n introducir al finalizar la compra y canjear por el valor de su pedido. Las Tarjetas de Regalo Electr\u00f3nicas se pueden canjear por todos los art\u00edculos. Si no gastan el valor total, guardaremos el saldo restante en su cuenta para que lo usen en otra ocasi\u00f3n. Tengan en cuenta que las Tarjetas de Regalo Electr\u00f3nicas caducar\u00e1n al a\u00f1o de su emisi\u00f3n.<\/p>\n\t<\/div>\n<\/div>\n\n<\/div> <\/div><\/div><\/div>\t\t<\/div>\n\t\t\t<\/div>\n<\/div>\t<\/div>\n\t\t<\/div>\n<\/div>","protected":false},"excerpt":{"rendered":"Shopping with usDo you have my product in stock? On each individual product page there is a stock level indicator to show what is available. We do not display out of stock items. If you have seen something on our site and can no longer find it, or have ordered the item in the past, [...]","protected":false},"author":1,"featured_media":0,"parent":0,"menu_order":0,"comment_status":"closed","ping_status":"closed","template":"page-vc.php","meta":{"footnotes":""},"class_list":["post-2938","page","type-page","status-publish","hentry"],"jetpack_sharing_enabled":true,"_links":{"self":[{"href":"https:\/\/comf.fi\/es\/wp-json\/wp\/v2\/pages\/2938","targetHints":{"allow":["GET"]}}],"collection":[{"href":"https:\/\/comf.fi\/es\/wp-json\/wp\/v2\/pages"}],"about":[{"href":"https:\/\/comf.fi\/es\/wp-json\/wp\/v2\/types\/page"}],"author":[{"embeddable":true,"href":"https:\/\/comf.fi\/es\/wp-json\/wp\/v2\/users\/1"}],"replies":[{"embeddable":true,"href":"https:\/\/comf.fi\/es\/wp-json\/wp\/v2\/comments?post=2938"}],"version-history":[{"count":0,"href":"https:\/\/comf.fi\/es\/wp-json\/wp\/v2\/pages\/2938\/revisions"}],"wp:attachment":[{"href":"https:\/\/comf.fi\/es\/wp-json\/wp\/v2\/media?parent=2938"}],"curies":[{"name":"wp","href":"https:\/\/api.w.org\/{rel}","templated":true}]}}