{"id":4145,"date":"2026-02-24T14:19:33","date_gmt":"2026-02-24T14:19:33","guid":{"rendered":"https:\/\/comf.fi\/?post_type=product&#038;p=4145"},"modified":"2026-02-24T14:22:10","modified_gmt":"2026-02-24T14:22:10","slug":"cutting-disc-pureva-125x1-6-xr3-inox","status":"publish","type":"product","link":"https:\/\/comf.fi\/es\/product\/cutting-disc-pureva-125x1-6-xr3-inox\/","title":{"rendered":"Disco de corte Pureva XR3 Inox 125\u00d71.6"},"content":{"rendered":"<p data-start=\"384\" data-end=\"441\">Disco de corte Pureva XR3 INOX 125 \u00d7 1,6 \u00d7 22<\/p>\n<p data-start=\"443\" data-end=\"639\">Los discos de corte XR3 son aptos para todo tipo de acero. Esta gama de productos est\u00e1 optimizada para un m\u00e1ximo rendimiento de corte y resistencia al desgaste. Adem\u00e1s, ofrecen una alta resistencia a la flexi\u00f3n.<\/p>","protected":false},"excerpt":{"rendered":"<p>Pureva XR3 INOX Cutting Disc 125 \u00d7 1.6 \u00d7 22 XR3 cutting discs are suitable for all types of steel. The product range is optimized for maximum cutting performance and wear resistance. The discs also provide high resistance to bending stress.<\/p>","protected":false},"featured_media":4146,"comment_status":"open","ping_status":"closed","template":"","meta":[],"product_brand":[152],"product_cat":[155],"product_tag":[],"class_list":{"0":"post-4145","1":"product","2":"type-product","3":"status-publish","4":"has-post-thumbnail","6":"product_brand-pureva","7":"product_cat-cutting-discs","9":"first","10":"instock","11":"featured","12":"shipping-taxable","13":"purchasable","14":"product-type-simple"},"jetpack_sharing_enabled":true,"_links":{"self":[{"href":"https:\/\/comf.fi\/es\/wp-json\/wp\/v2\/product\/4145","targetHints":{"allow":["GET"]}}],"collection":[{"href":"https:\/\/comf.fi\/es\/wp-json\/wp\/v2\/product"}],"about":[{"href":"https:\/\/comf.fi\/es\/wp-json\/wp\/v2\/types\/product"}],"replies":[{"embeddable":true,"href":"https:\/\/comf.fi\/es\/wp-json\/wp\/v2\/comments?post=4145"}],"wp:featuredmedia":[{"embeddable":true,"href":"https:\/\/comf.fi\/es\/wp-json\/wp\/v2\/media\/4146"}],"wp:attachment":[{"href":"https:\/\/comf.fi\/es\/wp-json\/wp\/v2\/media?parent=4145"}],"wp:term":[{"taxonomy":"product_brand","embeddable":true,"href":"https:\/\/comf.fi\/es\/wp-json\/wp\/v2\/product_brand?post=4145"},{"taxonomy":"product_cat","embeddable":true,"href":"https:\/\/comf.fi\/es\/wp-json\/wp\/v2\/product_cat?post=4145"},{"taxonomy":"product_tag","embeddable":true,"href":"https:\/\/comf.fi\/es\/wp-json\/wp\/v2\/product_tag?post=4145"}],"curies":[{"name":"wp","href":"https:\/\/api.w.org\/{rel}","templated":true}]}}