{"id":4147,"date":"2026-02-24T14:28:10","date_gmt":"2026-02-24T14:28:10","guid":{"rendered":"https:\/\/comf.fi\/?post_type=product&#038;p=4147"},"modified":"2026-02-24T17:03:14","modified_gmt":"2026-02-24T17:03:14","slug":"cutting-disc-pureva-xr4-180x2-0","status":"publish","type":"product","link":"https:\/\/comf.fi\/es\/product\/cutting-disc-pureva-xr4-180x2-0\/","title":{"rendered":"Disco de corte Pureva XR4 180\u00d72.0"},"content":{"rendered":"<p data-start=\"76\" data-end=\"140\">Disco de corte recto Pureva XR4 para acero 180 \u00d7 2,0 \u00d7 22<\/p>\n<p data-start=\"142\" data-end=\"367\">Pureva XR4 es una serie de discos de corte de \u00faltima generaci\u00f3n dise\u00f1ada para aplicaciones de acero. Esta l\u00ednea de productos combina la amplia experiencia de Pureva en el desarrollo de productos para ofrecer un rendimiento fiable y una larga duraci\u00f3n.<\/p>","protected":false},"excerpt":{"rendered":"<p>Pureva XR4 Straight Cutting Disc for Steel 180 \u00d7 2.0 \u00d7 22 The Pureva XR4 is a next-generation cutting disc series designed for steel applications. The product line combines Pureva\u2019s extensive long-term product development expertise to deliver reliable performance and durability.<\/p>","protected":false},"featured_media":4148,"comment_status":"open","ping_status":"closed","template":"","meta":[],"product_brand":[152],"product_cat":[155],"product_tag":[],"class_list":{"0":"post-4147","1":"product","2":"type-product","3":"status-publish","4":"has-post-thumbnail","6":"product_brand-pureva","7":"product_cat-cutting-discs","9":"first","10":"instock","11":"featured","12":"shipping-taxable","13":"purchasable","14":"product-type-simple"},"jetpack_sharing_enabled":true,"_links":{"self":[{"href":"https:\/\/comf.fi\/es\/wp-json\/wp\/v2\/product\/4147","targetHints":{"allow":["GET"]}}],"collection":[{"href":"https:\/\/comf.fi\/es\/wp-json\/wp\/v2\/product"}],"about":[{"href":"https:\/\/comf.fi\/es\/wp-json\/wp\/v2\/types\/product"}],"replies":[{"embeddable":true,"href":"https:\/\/comf.fi\/es\/wp-json\/wp\/v2\/comments?post=4147"}],"wp:featuredmedia":[{"embeddable":true,"href":"https:\/\/comf.fi\/es\/wp-json\/wp\/v2\/media\/4148"}],"wp:attachment":[{"href":"https:\/\/comf.fi\/es\/wp-json\/wp\/v2\/media?parent=4147"}],"wp:term":[{"taxonomy":"product_brand","embeddable":true,"href":"https:\/\/comf.fi\/es\/wp-json\/wp\/v2\/product_brand?post=4147"},{"taxonomy":"product_cat","embeddable":true,"href":"https:\/\/comf.fi\/es\/wp-json\/wp\/v2\/product_cat?post=4147"},{"taxonomy":"product_tag","embeddable":true,"href":"https:\/\/comf.fi\/es\/wp-json\/wp\/v2\/product_tag?post=4147"}],"curies":[{"name":"wp","href":"https:\/\/api.w.org\/{rel}","templated":true}]}}