{"id":4149,"date":"2026-02-24T15:06:31","date_gmt":"2026-02-24T15:06:31","guid":{"rendered":"https:\/\/comf.fi\/?post_type=product&#038;p=4149"},"modified":"2026-02-24T16:42:43","modified_gmt":"2026-02-24T16:42:43","slug":"cutting-disc-pureva-230x2-xr5-cera","status":"publish","type":"product","link":"https:\/\/comf.fi\/es\/product\/cutting-disc-pureva-230x2-xr5-cera\/","title":{"rendered":"Disco de corte Pureva XR5 Cera 230\u00d72.0"},"content":{"rendered":"<p data-start=\"78\" data-end=\"128\">Nuevo disco de corte cer\u00e1mico XR5 230 \u00d7 2,0 \u00d7 22<\/p>\n<p data-start=\"130\" data-end=\"325\">El nuevo disco de corte cer\u00e1mico XR5 presenta una estructura dise\u00f1ada con precisi\u00f3n y un sistema de enfriamiento optimizado, brindando un rendimiento de corte extremadamente r\u00e1pido combinado con una excelente resistencia al desgaste.<\/p>\n<p data-start=\"327\" data-end=\"474\">La tecnolog\u00eda de malla superficial minimiza la fricci\u00f3n durante el funcionamiento. Los nuevos discos cer\u00e1micos ofrecen un rendimiento \u00f3ptimo con amoladoras angulares de alta potencia.<\/p>","protected":false},"excerpt":{"rendered":"<p>New XR5 Ceramic Cutting Disc 230 \u00d7 2.0 \u00d7 22 The new XR5 ceramic cutting disc features a precisely engineered structure and optimized cooling system, delivering extremely fast cutting performance combined with excellent wear resistance. Surface mesh technology is used to minimize friction during operation. The new ceramic discs perform best when used with high-power [&hellip;]<\/p>","protected":false},"featured_media":4150,"comment_status":"open","ping_status":"closed","template":"","meta":[],"product_brand":[152],"product_cat":[155],"product_tag":[],"class_list":{"0":"post-4149","1":"product","2":"type-product","3":"status-publish","4":"has-post-thumbnail","6":"product_brand-pureva","7":"product_cat-cutting-discs","9":"first","10":"instock","11":"sale","12":"featured","13":"shipping-taxable","14":"purchasable","15":"product-type-simple"},"jetpack_sharing_enabled":true,"_links":{"self":[{"href":"https:\/\/comf.fi\/es\/wp-json\/wp\/v2\/product\/4149","targetHints":{"allow":["GET"]}}],"collection":[{"href":"https:\/\/comf.fi\/es\/wp-json\/wp\/v2\/product"}],"about":[{"href":"https:\/\/comf.fi\/es\/wp-json\/wp\/v2\/types\/product"}],"replies":[{"embeddable":true,"href":"https:\/\/comf.fi\/es\/wp-json\/wp\/v2\/comments?post=4149"}],"wp:featuredmedia":[{"embeddable":true,"href":"https:\/\/comf.fi\/es\/wp-json\/wp\/v2\/media\/4150"}],"wp:attachment":[{"href":"https:\/\/comf.fi\/es\/wp-json\/wp\/v2\/media?parent=4149"}],"wp:term":[{"taxonomy":"product_brand","embeddable":true,"href":"https:\/\/comf.fi\/es\/wp-json\/wp\/v2\/product_brand?post=4149"},{"taxonomy":"product_cat","embeddable":true,"href":"https:\/\/comf.fi\/es\/wp-json\/wp\/v2\/product_cat?post=4149"},{"taxonomy":"product_tag","embeddable":true,"href":"https:\/\/comf.fi\/es\/wp-json\/wp\/v2\/product_tag?post=4149"}],"curies":[{"name":"wp","href":"https:\/\/api.w.org\/{rel}","templated":true}]}}