{"id":4162,"date":"2026-02-25T16:46:31","date_gmt":"2026-02-25T16:46:31","guid":{"rendered":"https:\/\/comf.fi\/?post_type=product&#038;p=4162"},"modified":"2026-02-26T19:24:32","modified_gmt":"2026-02-26T19:24:32","slug":"3m-silver-depressed-center-grinding-wheel-44538-t27-4-5-in-x-1-4-inx-7-8-in","status":"publish","type":"product","link":"https:\/\/comf.fi\/es\/product\/3m-silver-depressed-center-grinding-wheel-44538-t27-4-5-in-x-1-4-inx-7-8-in\/","title":{"rendered":"Disco abrasivo de centro hundido plateado 3M, 44538, T27, 4,5 pulg. x 1\/4 pulg. x 7\/8 pulg."},"content":{"rendered":"<p data-start=\"277\" data-end=\"708\">Esta rueda es parte de 3M <strong data-start=\"304\" data-end=\"333\">Abrasivos de la serie avanzada<\/strong>, dise\u00f1ado para <strong data-start=\"350\" data-end=\"386\">rectificado pesado y eliminaci\u00f3n de material<\/strong>Especialmente \u00fatil en tareas exigentes de metalurgia como el rectificado de soldaduras, el biselado, el achaflanado de bordes y la preparaci\u00f3n de superficies. Combina <strong data-start=\"521\" data-end=\"558\">Grano cer\u00e1mico de precisi\u00f3n 3M<\/strong> para un rendimiento de corte constante, larga vida \u00fatil y durabilidad superior en comparaci\u00f3n con las ruedas abrasivas tradicionales.<\/p>\n<h3 data-start=\"710\" data-end=\"731\">\ud83d\udee0 Caracter\u00edsticas principales<\/h3>\n<ul data-start=\"732\" data-end=\"1674\">\n<li data-start=\"732\" data-end=\"911\">\n<p data-start=\"734\" data-end=\"911\"><strong data-start=\"734\" data-end=\"766\">Dise\u00f1ado para pulido pesado:<\/strong> Ideal para <strong data-start=\"777\" data-end=\"817\">biselado, eliminaci\u00f3n de soldadura, eliminaci\u00f3n de escoria<\/strong> y otras aplicaciones de pulido agresivo sobre metales.<\/p>\n<\/li>\n<li data-start=\"912\" data-end=\"1052\">\n<p data-start=\"914\" data-end=\"1052\"><strong data-start=\"914\" data-end=\"937\">Amplio uso del material:<\/strong> Adecuado para <strong data-start=\"951\" data-end=\"1011\">acero al carbono, acero inoxidable y otros sustratos met\u00e1licos<\/strong>.<\/p>\n<\/li>\n<li data-start=\"1053\" data-end=\"1238\">\n<p data-start=\"1055\" data-end=\"1238\"><strong data-start=\"1055\" data-end=\"1082\">Grano de forma precisa:<\/strong> El abrasivo cer\u00e1mico autofracturable corta r\u00e1pido y se desafila menos, lo que ayuda a mantener la eficiencia del corte y una larga vida \u00fatil del disco.<\/p>\n<\/li>\n<li data-start=\"1239\" data-end=\"1382\">\n<p data-start=\"1241\" data-end=\"1382\"><strong data-start=\"1241\" data-end=\"1276\">Forma de centro deprimido tipo 27:<\/strong> Dise\u00f1ado para adaptarse a la mayor\u00eda <strong data-start=\"1298\" data-end=\"1316\">amoladoras angulares<\/strong> con mandril roscado de 7\/8\u2033.<\/p>\n<\/li>\n<li data-start=\"1383\" data-end=\"1558\">\n<p data-start=\"1385\" data-end=\"1558\"><strong data-start=\"1385\" data-end=\"1417\">Durabilidad y productividad:<\/strong> Ayuda a reducir el tiempo de inactividad y los cambios de ruedas, especialmente en <strong data-start=\"1476\" data-end=\"1517\">aplicaciones rob\u00f3ticas o de alta presi\u00f3n<\/strong>.<\/p>\n<\/li>\n<li data-start=\"1559\" data-end=\"1674\">\n<p data-start=\"1561\" data-end=\"1674\"><strong data-start=\"1561\" data-end=\"1572\">Seguridad:<\/strong> Utilizar con protecci\u00f3n homologada de acuerdo con las normas de seguridad.<\/p>\n<\/li>\n<\/ul>\n<h3 data-start=\"1676\" data-end=\"1699\">\ud83d\udccf Especificaciones<\/h3>\n<ul data-start=\"1700\" data-end=\"2099\">\n<li data-start=\"1700\" data-end=\"1773\">\n<p data-start=\"1702\" data-end=\"1773\"><strong data-start=\"1702\" data-end=\"1715\">Di\u00e1metro:<\/strong> 4,5 pulgadas (114,3 mm)<\/p>\n<\/li>\n<li data-start=\"1774\" data-end=\"1849\">\n<p data-start=\"1776\" data-end=\"1849\"><strong data-start=\"1776\" data-end=\"1790\">Espesor:<\/strong> 1\/4 pulg. (6,35 mm)<\/p>\n<\/li>\n<li data-start=\"1850\" data-end=\"1928\">\n<p data-start=\"1852\" data-end=\"1928\"><strong data-start=\"1852\" data-end=\"1867\">Agujero del \u00e1rbol:<\/strong> 7\/8 pulg. (22,225 mm)<\/p>\n<\/li>\n<li data-start=\"1929\" data-end=\"2020\">\n<p data-start=\"1931\" data-end=\"2020\"><strong data-start=\"1931\" data-end=\"1944\">Material:<\/strong> Abrasivo cer\u00e1mico de forma precisa<\/p>\n<\/li>\n<li data-start=\"2021\" data-end=\"2099\">\n<p data-start=\"2023\" data-end=\"2099\"><strong data-start=\"2023\" data-end=\"2038\">Tipo de rueda:<\/strong> Centro deprimido T27<\/p>\n<\/li>\n<\/ul>\n<h3 data-start=\"2101\" data-end=\"2133\">\ud83d\udc77\u200d\u2642\ufe0f Aplicaciones t\u00edpicas<\/h3>\n<p data-start=\"2134\" data-end=\"2202\">Esta muela abrasiva se utiliza ampliamente en entornos industriales para:<\/p>\n<ul data-start=\"2203\" data-end=\"2483\">\n<li data-start=\"2203\" data-end=\"2249\">\n<p data-start=\"2205\" data-end=\"2249\">Mezcla de soldadura y eliminaci\u00f3n del exceso de metal de soldadura<\/p>\n<\/li>\n<li data-start=\"2250\" data-end=\"2283\">\n<p data-start=\"2252\" data-end=\"2283\">biselado y preparaci\u00f3n de bordes<\/p>\n<\/li>\n<li data-start=\"2284\" data-end=\"2347\">\n<p data-start=\"2286\" data-end=\"2347\">Retirada de material pesado para mantenimiento, reparaci\u00f3n y fabricaci\u00f3n<\/p>\n<\/li>\n<li data-start=\"2348\" data-end=\"2394\">\n<p data-start=\"2350\" data-end=\"2394\">Rectificado de aceros tanto dulces como inoxidables<\/p>\n<\/li>\n<li data-start=\"2395\" data-end=\"2483\">\n<p data-start=\"2397\" data-end=\"2483\">Trabajar con amoladoras angulares neum\u00e1ticas o el\u00e9ctricas<\/p>\n<\/li>\n<\/ul>\n<hr data-start=\"2485\" data-end=\"2488\" \/>\n<p data-start=\"2490\" data-end=\"2797\">\ud83d\udca1 <strong data-start=\"2493\" data-end=\"2505\">Resumen:<\/strong> La rueda de amolar con centro hundido plateado 3M 44538 es un disco abrasivo de alto rendimiento y alta resistencia dise\u00f1ado para brindar una remoci\u00f3n eficiente de material y una vida \u00fatil prolongada en aplicaciones de trabajo de metales dif\u00edciles, gracias a la tecnolog\u00eda de grano cer\u00e1mico de precisi\u00f3n de 3M.<\/p>\n<div id=\"mttContainer\" class=\"notranslate\" style=\"transform: translate(729px, 212px);\" aria-expanded=\"false\">\n<div id=\"tippy-1\" style=\"z-index: 100000200; visibility: hidden; position: absolute; inset: auto auto 0px 0px; margin: 0px; transform: translate(399px, -20px);\" data-tippy-root=\"\">\n<div class=\"tippy-box\" style=\"max-width: 350px; transition-duration: 250ms;\" tabindex=\"-1\" role=\"mtttooltip\" data-state=\"hidden\" data-theme=\"custom\" data-animation=\"fade\" data-placement=\"top\">\n<div class=\"tippy-content\" style=\"transition-duration: 250ms;\" data-state=\"hidden\"><span dir=\"ltr\">Amplia aplicaci\u00f3n de materiales: adecuado para acero al carbono, acero inoxidable y otros sustratos met\u00e1licos.<\/span><\/div>\n<div class=\"tippy-arrow\" style=\"position: absolute; left: 0px; transform: translate(92px, 0px);\"><\/div>\n<\/div>\n<\/div>\n<\/div>","protected":false},"excerpt":{"rendered":"<p>This wheel is part of 3M\u2019s Advanced Series abrasives, engineered for heavy grinding and stock removal, especially useful in demanding metalworking tasks like weld grinding, beveling, edge chamfering and surface preparation. It combines 3M Precision-Shaped Ceramic Grain for consistent cutting performance, long life, and superior durability compared to traditional abrasive wheels. \ud83d\udee0 Key Features Designed [&hellip;]<\/p>","protected":false},"featured_media":4164,"comment_status":"open","ping_status":"closed","template":"","meta":[],"product_brand":[153],"product_cat":[155],"product_tag":[],"class_list":{"0":"post-4162","1":"product","2":"type-product","3":"status-publish","4":"has-post-thumbnail","6":"product_brand-3m","7":"product_cat-cutting-discs","9":"first","10":"instock","11":"featured","12":"shipping-taxable","13":"purchasable","14":"product-type-simple"},"jetpack_sharing_enabled":true,"_links":{"self":[{"href":"https:\/\/comf.fi\/es\/wp-json\/wp\/v2\/product\/4162","targetHints":{"allow":["GET"]}}],"collection":[{"href":"https:\/\/comf.fi\/es\/wp-json\/wp\/v2\/product"}],"about":[{"href":"https:\/\/comf.fi\/es\/wp-json\/wp\/v2\/types\/product"}],"replies":[{"embeddable":true,"href":"https:\/\/comf.fi\/es\/wp-json\/wp\/v2\/comments?post=4162"}],"wp:featuredmedia":[{"embeddable":true,"href":"https:\/\/comf.fi\/es\/wp-json\/wp\/v2\/media\/4164"}],"wp:attachment":[{"href":"https:\/\/comf.fi\/es\/wp-json\/wp\/v2\/media?parent=4162"}],"wp:term":[{"taxonomy":"product_brand","embeddable":true,"href":"https:\/\/comf.fi\/es\/wp-json\/wp\/v2\/product_brand?post=4162"},{"taxonomy":"product_cat","embeddable":true,"href":"https:\/\/comf.fi\/es\/wp-json\/wp\/v2\/product_cat?post=4162"},{"taxonomy":"product_tag","embeddable":true,"href":"https:\/\/comf.fi\/es\/wp-json\/wp\/v2\/product_tag?post=4162"}],"curies":[{"name":"wp","href":"https:\/\/api.w.org\/{rel}","templated":true}]}}