{"id":4162,"date":"2026-02-25T16:46:31","date_gmt":"2026-02-25T16:46:31","guid":{"rendered":"https:\/\/comf.fi\/?post_type=product&#038;p=4162"},"modified":"2026-02-26T19:24:32","modified_gmt":"2026-02-26T19:24:32","slug":"3m-hopea-painunut-keskushionta-44538-t27-4-5-in-x-1-4-inx-7-8-in-4-5-in-x-1-4-inx-7-8-in","status":"publish","type":"product","link":"https:\/\/comf.fi\/fi\/product\/3m-hopea-painunut-keskushionta-44538-t27-4-5-in-x-1-4-inx-7-8-in-4-5-in-x-1-4-inx-7-8-in\/","title":{"rendered":"3M hopeinen upotettu hiomalaikka, 44538, T27, 4,5 tuumaa x 1\/4 tuumaa x 7\/8 tuumaa"},"content":{"rendered":"<p data-start=\"277\" data-end=\"708\">T\u00e4m\u00e4 py\u00f6r\u00e4 on osa 3M:n tuotteita. <strong data-start=\"304\" data-end=\"333\">Advanced Series -hiomatarvikkeet<\/strong>, suunniteltu <strong data-start=\"350\" data-end=\"386\">raskas hionta ja aineenpoisto<\/strong>, erityisen hy\u00f6dyllinen vaativissa metallinty\u00f6st\u00f6teht\u00e4viss\u00e4, kuten hitsaushionnassa, viisteytyksen\u00e4, reunojen viisteytyksen\u00e4 ja pinnan esik\u00e4sittelyss\u00e4. Se yhdist\u00e4\u00e4 <strong data-start=\"521\" data-end=\"558\">3M:n tarkkuusmuotoiltu keraaminen jyv\u00e4<\/strong> tasaisen leikkaustehon, pitk\u00e4n k\u00e4ytt\u00f6i\u00e4n ja erinomaisen kest\u00e4vyyden takaamiseksi perinteisiin hiomalaikkoihin verrattuna.<\/p>\n<h3 data-start=\"710\" data-end=\"731\">\ud83d\udee0 T\u00e4rkeimm\u00e4t ominaisuudet<\/h3>\n<ul data-start=\"732\" data-end=\"1674\">\n<li data-start=\"732\" data-end=\"911\">\n<p data-start=\"734\" data-end=\"911\"><strong data-start=\"734\" data-end=\"766\">Suunniteltu raskaaseen hiontaan:<\/strong> Ihanteellinen <strong data-start=\"777\" data-end=\"817\">viiste, hitsin poisto, kuonanpoisto<\/strong> ja muut aggressiiviset metallien hiontasovellukset.<\/p>\n<\/li>\n<li data-start=\"912\" data-end=\"1052\">\n<p data-start=\"914\" data-end=\"1052\"><strong data-start=\"914\" data-end=\"937\">Laaja materiaalien k\u00e4ytt\u00f6:<\/strong> Sopii <strong data-start=\"951\" data-end=\"1011\">hiiliter\u00e4s, ruostumaton ter\u00e4s ja muut metallipinnat<\/strong>.<\/p>\n<\/li>\n<li data-start=\"1053\" data-end=\"1238\">\n<p data-start=\"1055\" data-end=\"1238\"><strong data-start=\"1055\" data-end=\"1082\">Tarkkuusmuotoiltu jyv\u00e4:<\/strong> Itsemurtuva keraaminen hioma-aine leikkaa nopeasti ja tylsyy v\u00e4hemm\u00e4n, mik\u00e4 auttaa yll\u00e4pit\u00e4m\u00e4\u00e4n leikkaustehokkuutta ja pident\u00e4m\u00e4\u00e4n laikan k\u00e4ytt\u00f6ik\u00e4\u00e4.<\/p>\n<\/li>\n<li data-start=\"1239\" data-end=\"1382\">\n<p data-start=\"1241\" data-end=\"1382\"><strong data-start=\"1241\" data-end=\"1276\">Tyypin 27 syvennetty keskiosa:<\/strong> Suunniteltu sopimaan useimmille <strong data-start=\"1298\" data-end=\"1316\">kulmahiomakoneet<\/strong> kierteitetyll\u00e4 7\/8 tuuman karalla.<\/p>\n<\/li>\n<li data-start=\"1383\" data-end=\"1558\">\n<p data-start=\"1385\" data-end=\"1558\"><strong data-start=\"1385\" data-end=\"1417\">Kest\u00e4vyys ja tuottavuus:<\/strong> Auttaa v\u00e4hent\u00e4m\u00e4\u00e4n seisokkiaikoja ja renkaiden vaihtoja, erityisesti <strong data-start=\"1476\" data-end=\"1517\">robotti- tai korkeapainesovelluksiin<\/strong>.<\/p>\n<\/li>\n<li data-start=\"1559\" data-end=\"1674\">\n<p data-start=\"1561\" data-end=\"1674\"><strong data-start=\"1561\" data-end=\"1572\">Turvallisuus:<\/strong> K\u00e4yt\u00e4 hyv\u00e4ksytyn suojuksen kanssa turvallisuusstandardien mukaisesti.<\/p>\n<\/li>\n<\/ul>\n<h3 data-start=\"1676\" data-end=\"1699\">\ud83d\udccf Tekniset tiedot<\/h3>\n<ul data-start=\"1700\" data-end=\"2099\">\n<li data-start=\"1700\" data-end=\"1773\">\n<p data-start=\"1702\" data-end=\"1773\"><strong data-start=\"1702\" data-end=\"1715\">Halkaisija:<\/strong> 4,5 tuumaa (114,3 mm)<\/p>\n<\/li>\n<li data-start=\"1774\" data-end=\"1849\">\n<p data-start=\"1776\" data-end=\"1849\"><strong data-start=\"1776\" data-end=\"1790\">Paksuus:<\/strong> 6,35 mm (1\/4 tuumaa)<\/p>\n<\/li>\n<li data-start=\"1850\" data-end=\"1928\">\n<p data-start=\"1852\" data-end=\"1928\"><strong data-start=\"1852\" data-end=\"1867\">Karan reik\u00e4:<\/strong> 7\/8 tuumaa (22,225 mm)<\/p>\n<\/li>\n<li data-start=\"1929\" data-end=\"2020\">\n<p data-start=\"1931\" data-end=\"2020\"><strong data-start=\"1931\" data-end=\"1944\">Materiaali:<\/strong> Tarkkuusmuotoiltu keraaminen hioma-aine<\/p>\n<\/li>\n<li data-start=\"2021\" data-end=\"2099\">\n<p data-start=\"2023\" data-end=\"2099\"><strong data-start=\"2023\" data-end=\"2038\">Py\u00f6r\u00e4n tyyppi:<\/strong> T27 painautunut keskusta<\/p>\n<\/li>\n<\/ul>\n<h3 data-start=\"2101\" data-end=\"2133\">\ud83d\udc77\u200d\u2642\ufe0f Tyypillisi\u00e4 k\u00e4ytt\u00f6tarkoituksia<\/h3>\n<p data-start=\"2134\" data-end=\"2202\">T\u00e4t\u00e4 hiomalaikkaa k\u00e4ytet\u00e4\u00e4n laajalti teollisuusymp\u00e4rist\u00f6iss\u00e4:<\/p>\n<ul data-start=\"2203\" data-end=\"2483\">\n<li data-start=\"2203\" data-end=\"2249\">\n<p data-start=\"2205\" data-end=\"2249\">hitsauksen h\u00e4ivytys ja ylim\u00e4\u00e4r\u00e4isen hitsausmetallin poistaminen<\/p>\n<\/li>\n<li data-start=\"2250\" data-end=\"2283\">\n<p data-start=\"2252\" data-end=\"2283\">viisteiden ja reunojen valmistelu<\/p>\n<\/li>\n<li data-start=\"2284\" data-end=\"2347\">\n<p data-start=\"2286\" data-end=\"2347\">raskaan materiaalin poisto huoltoa, korjausta ja valmistusta varten<\/p>\n<\/li>\n<li data-start=\"2348\" data-end=\"2394\">\n<p data-start=\"2350\" data-end=\"2394\">sek\u00e4 pehme\u00e4n ett\u00e4 ruostumattoman ter\u00e4ksen hionta<\/p>\n<\/li>\n<li data-start=\"2395\" data-end=\"2483\">\n<p data-start=\"2397\" data-end=\"2483\">ty\u00f6skennell\u00e4 pneumaattisilla tai s\u00e4hk\u00f6isill\u00e4 kulmahiomakoneilla<\/p>\n<\/li>\n<\/ul>\n<hr data-start=\"2485\" data-end=\"2488\" \/>\n<p data-start=\"2490\" data-end=\"2797\">\ud83d\udca1 <strong data-start=\"2493\" data-end=\"2505\">Yhteenveto:<\/strong> 3M:n hopeinen, upotettu keski\u00f6hiomalaikka 44538 on kest\u00e4v\u00e4 ja tehokas hiomalaikka, joka on suunniteltu tehokkaaseen materiaalinpoistoon ja pident\u00e4m\u00e4\u00e4n k\u00e4ytt\u00f6ik\u00e4\u00e4 vaativissa metallinty\u00f6st\u00f6sovelluksissa 3M:n tarkkuuskeraamisen jyv\u00e4teknologian ansiosta.<\/p>\n<div id=\"mttContainer\" class=\"notranslate\" style=\"transform: translate(729px, 212px);\" aria-expanded=\"false\">\n<div id=\"tippy-1\" style=\"z-index: 100000200; visibility: hidden; position: absolute; inset: auto auto 0px 0px; margin: 0px; transform: translate(399px, -20px);\" data-tippy-root=\"\">\n<div class=\"tippy-box\" style=\"max-width: 350px; transition-duration: 250ms;\" tabindex=\"-1\" role=\"mtttooltip\" data-state=\"hidden\" data-theme=\"custom\" data-animation=\"fade\" data-placement=\"top\">\n<div class=\"tippy-content\" style=\"transition-duration: 250ms;\" data-state=\"hidden\"><span dir=\"ltr\">Laaja materiaalisovellus: Sopii hiiliter\u00e4kselle, ruostumattomalle ter\u00e4kselle ja muille metallipinnoille.<\/span><\/div>\n<div class=\"tippy-arrow\" style=\"position: absolute; left: 0px; transform: translate(92px, 0px);\"><\/div>\n<\/div>\n<\/div>\n<\/div>","protected":false},"excerpt":{"rendered":"<p>This wheel is part of 3M\u2019s Advanced Series abrasives, engineered for heavy grinding and stock removal, especially useful in demanding metalworking tasks like weld grinding, beveling, edge chamfering and surface preparation. It combines 3M Precision-Shaped Ceramic Grain for consistent cutting performance, long life, and superior durability compared to traditional abrasive wheels. \ud83d\udee0 Key Features Designed [&hellip;]<\/p>","protected":false},"featured_media":4164,"comment_status":"open","ping_status":"closed","template":"","meta":[],"product_brand":[153],"product_cat":[155],"product_tag":[],"class_list":{"0":"post-4162","1":"product","2":"type-product","3":"status-publish","4":"has-post-thumbnail","6":"product_brand-3m","7":"product_cat-cutting-discs","9":"first","10":"instock","11":"featured","12":"shipping-taxable","13":"purchasable","14":"product-type-simple"},"jetpack_sharing_enabled":true,"_links":{"self":[{"href":"https:\/\/comf.fi\/fi\/wp-json\/wp\/v2\/product\/4162","targetHints":{"allow":["GET"]}}],"collection":[{"href":"https:\/\/comf.fi\/fi\/wp-json\/wp\/v2\/product"}],"about":[{"href":"https:\/\/comf.fi\/fi\/wp-json\/wp\/v2\/types\/product"}],"replies":[{"embeddable":true,"href":"https:\/\/comf.fi\/fi\/wp-json\/wp\/v2\/comments?post=4162"}],"wp:featuredmedia":[{"embeddable":true,"href":"https:\/\/comf.fi\/fi\/wp-json\/wp\/v2\/media\/4164"}],"wp:attachment":[{"href":"https:\/\/comf.fi\/fi\/wp-json\/wp\/v2\/media?parent=4162"}],"wp:term":[{"taxonomy":"product_brand","embeddable":true,"href":"https:\/\/comf.fi\/fi\/wp-json\/wp\/v2\/product_brand?post=4162"},{"taxonomy":"product_cat","embeddable":true,"href":"https:\/\/comf.fi\/fi\/wp-json\/wp\/v2\/product_cat?post=4162"},{"taxonomy":"product_tag","embeddable":true,"href":"https:\/\/comf.fi\/fi\/wp-json\/wp\/v2\/product_tag?post=4162"}],"curies":[{"name":"wp","href":"https:\/\/api.w.org\/{rel}","templated":true}]}}