{"id":4140,"date":"2026-02-23T18:21:17","date_gmt":"2026-02-23T18:21:17","guid":{"rendered":"https:\/\/comf.fi\/?post_type=product&#038;p=4140"},"modified":"2026-02-24T14:21:40","modified_gmt":"2026-02-24T14:21:40","slug":"kapskiva-pureva-xr4-125mm-x-1mm-x-22mm","status":"publish","type":"product","link":"https:\/\/comf.fi\/sv\/produkt\/kapskiva-pureva-xr4-125mm-x-1mm-x-22mm\/","title":{"rendered":"Kapskiva Pureva XR4 125 x 1.0"},"content":{"rendered":"<p>Purevas XR4 \u00e4r en ny serie kapskivor. Den \u00e4r resultatet av en l\u00e5ngsiktig utveckling. Skivorna sk\u00e4r mjukt och beh\u00e5ller \u00e4nd\u00e5 sina motst\u00e5ndskraftiga egenskaper. XR4 kapskivor \u00e4r anv\u00e4ndbara f\u00f6r alla typer av st\u00e5l.<\/p>","protected":false},"excerpt":{"rendered":"<p>Purevas XR4 \u00e4r en ny serie kapskivor. Den \u00e4r resultatet av en l\u00e5ngsiktig utveckling. Skivorna sk\u00e4r mjukt och beh\u00e5ller \u00e4nd\u00e5 sina motst\u00e5ndskraftiga egenskaper. XR4 kapskivor \u00e4r anv\u00e4ndbara f\u00f6r alla typer av st\u00e5l.<\/p>","protected":false},"featured_media":4141,"comment_status":"open","ping_status":"closed","template":"","meta":[],"product_brand":[152],"product_cat":[155],"product_tag":[],"class_list":{"0":"post-4140","1":"product","2":"type-product","3":"status-publish","4":"has-post-thumbnail","6":"product_brand-pureva","7":"product_cat-cutting-discs","9":"first","10":"instock","11":"sale","12":"featured","13":"shipping-taxable","14":"purchasable","15":"product-type-simple"},"jetpack_sharing_enabled":true,"_links":{"self":[{"href":"https:\/\/comf.fi\/sv\/wp-json\/wp\/v2\/product\/4140","targetHints":{"allow":["GET"]}}],"collection":[{"href":"https:\/\/comf.fi\/sv\/wp-json\/wp\/v2\/product"}],"about":[{"href":"https:\/\/comf.fi\/sv\/wp-json\/wp\/v2\/types\/product"}],"replies":[{"embeddable":true,"href":"https:\/\/comf.fi\/sv\/wp-json\/wp\/v2\/comments?post=4140"}],"wp:featuredmedia":[{"embeddable":true,"href":"https:\/\/comf.fi\/sv\/wp-json\/wp\/v2\/media\/4141"}],"wp:attachment":[{"href":"https:\/\/comf.fi\/sv\/wp-json\/wp\/v2\/media?parent=4140"}],"wp:term":[{"taxonomy":"product_brand","embeddable":true,"href":"https:\/\/comf.fi\/sv\/wp-json\/wp\/v2\/product_brand?post=4140"},{"taxonomy":"product_cat","embeddable":true,"href":"https:\/\/comf.fi\/sv\/wp-json\/wp\/v2\/product_cat?post=4140"},{"taxonomy":"product_tag","embeddable":true,"href":"https:\/\/comf.fi\/sv\/wp-json\/wp\/v2\/product_tag?post=4140"}],"curies":[{"name":"wp","href":"https:\/\/api.w.org\/{rel}","templated":true}]}}