{"id":4162,"date":"2026-02-25T16:46:31","date_gmt":"2026-02-25T16:46:31","guid":{"rendered":"https:\/\/comf.fi\/?post_type=product&#038;p=4162"},"modified":"2026-02-26T19:24:32","modified_gmt":"2026-02-26T19:24:32","slug":"3m-silver-slipskiva-44538-t27-4-5-in-x-1-4-inx-7-8-in","status":"publish","type":"product","link":"https:\/\/comf.fi\/sv\/produkt\/3m-silver-slipskiva-44538-t27-4-5-in-x-1-4-inx-7-8-in\/","title":{"rendered":"3M Silver f\u00f6rs\u00e4nkt mittslipskiva, 44538, T27, 4,5 tum x 1\/4 tum x 7\/8 tum"},"content":{"rendered":"<p data-start=\"277\" data-end=\"708\">Detta hjul \u00e4r en del av 3M:s <strong data-start=\"304\" data-end=\"333\">Slipmedel i Advanced Series<\/strong>, konstruerad f\u00f6r <strong data-start=\"350\" data-end=\"386\">tung slipning och materialavverkning<\/strong>, s\u00e4rskilt anv\u00e4ndbar vid kr\u00e4vande metallbearbetningsuppgifter som svetsslipning, fasning, kantfasning och ytbehandling. Den kombinerar <strong data-start=\"521\" data-end=\"558\">3M Precisionsformade Keramiska Korn<\/strong> f\u00f6r j\u00e4mn sk\u00e4rprestanda, l\u00e5ng livsl\u00e4ngd och \u00f6verl\u00e4gsen h\u00e5llbarhet j\u00e4mf\u00f6rt med traditionella slipskivor.<\/p>\n<h3 data-start=\"710\" data-end=\"731\">\ud83d\udee0 Viktiga funktioner<\/h3>\n<ul data-start=\"732\" data-end=\"1674\">\n<li data-start=\"732\" data-end=\"911\">\n<p data-start=\"734\" data-end=\"911\"><strong data-start=\"734\" data-end=\"766\">Utformad f\u00f6r tung slipning:<\/strong> Idealisk f\u00f6r <strong data-start=\"777\" data-end=\"817\">avfasning, svetsborttagning, slaggborttagning<\/strong> och andra aggressiva slipapplikationer p\u00e5 metaller.<\/p>\n<\/li>\n<li data-start=\"912\" data-end=\"1052\">\n<p data-start=\"914\" data-end=\"1052\"><strong data-start=\"914\" data-end=\"937\">Bred materialanv\u00e4ndning:<\/strong> L\u00e4mplig f\u00f6r <strong data-start=\"951\" data-end=\"1011\">kolst\u00e5l, rostfritt st\u00e5l och andra metallsubstrat<\/strong>.<\/p>\n<\/li>\n<li data-start=\"1053\" data-end=\"1238\">\n<p data-start=\"1055\" data-end=\"1238\"><strong data-start=\"1055\" data-end=\"1082\">Precisionsformad korn:<\/strong> Sj\u00e4lvspr\u00e4ckande keramiskt slipmedel sk\u00e4r snabbt och \u00e4r mindre sl\u00f6t, vilket bidrar till att bibeh\u00e5lla sk\u00e4reffektiviteten och l\u00e5ng livsl\u00e4ngd p\u00e5 skivan.<\/p>\n<\/li>\n<li data-start=\"1239\" data-end=\"1382\">\n<p data-start=\"1241\" data-end=\"1382\"><strong data-start=\"1241\" data-end=\"1276\">Typ-27 f\u00f6rs\u00e4nkt mittform:<\/strong> Utformad f\u00f6r att passa de flesta <strong data-start=\"1298\" data-end=\"1316\">vinkelslipmaskiner<\/strong> med g\u00e4ngad 7\/8\u2033 spindel.<\/p>\n<\/li>\n<li data-start=\"1383\" data-end=\"1558\">\n<p data-start=\"1385\" data-end=\"1558\"><strong data-start=\"1385\" data-end=\"1417\">H\u00e5llbarhet och produktivitet:<\/strong> Hj\u00e4lper till att minska stillest\u00e5ndstid och hjulbyten, s\u00e4rskilt i <strong data-start=\"1476\" data-end=\"1517\">robot- eller h\u00f6gtrycksapplikationer<\/strong>.<\/p>\n<\/li>\n<li data-start=\"1559\" data-end=\"1674\">\n<p data-start=\"1561\" data-end=\"1674\"><strong data-start=\"1561\" data-end=\"1572\">S\u00e4kerhet:<\/strong> Anv\u00e4nd med ett godk\u00e4nt skydd i enlighet med s\u00e4kerhetsstandarder.<\/p>\n<\/li>\n<\/ul>\n<h3 data-start=\"1676\" data-end=\"1699\">\ud83d\udccf Specifikationer<\/h3>\n<ul data-start=\"1700\" data-end=\"2099\">\n<li data-start=\"1700\" data-end=\"1773\">\n<p data-start=\"1702\" data-end=\"1773\"><strong data-start=\"1702\" data-end=\"1715\">Diameter:<\/strong> 4,5 tum (114,3 mm)<\/p>\n<\/li>\n<li data-start=\"1774\" data-end=\"1849\">\n<p data-start=\"1776\" data-end=\"1849\"><strong data-start=\"1776\" data-end=\"1790\">Tjocklek:<\/strong> 6,35 mm (1\/4 tum)<\/p>\n<\/li>\n<li data-start=\"1850\" data-end=\"1928\">\n<p data-start=\"1852\" data-end=\"1928\"><strong data-start=\"1852\" data-end=\"1867\">Dornh\u00e5l:<\/strong> 7\/8 tum (22,225 mm)<\/p>\n<\/li>\n<li data-start=\"1929\" data-end=\"2020\">\n<p data-start=\"1931\" data-end=\"2020\"><strong data-start=\"1931\" data-end=\"1944\">Material:<\/strong> Precisionsformat keramiskt slipmedel<\/p>\n<\/li>\n<li data-start=\"2021\" data-end=\"2099\">\n<p data-start=\"2023\" data-end=\"2099\"><strong data-start=\"2023\" data-end=\"2038\">Hjultyp:<\/strong> T27 nedtryckt mitt<\/p>\n<\/li>\n<\/ul>\n<h3 data-start=\"2101\" data-end=\"2133\">\ud83d\udc77\u200d\u2642\ufe0f Typiska till\u00e4mpningar<\/h3>\n<p data-start=\"2134\" data-end=\"2202\">Denna slipskiva anv\u00e4nds ofta i industriella milj\u00f6er f\u00f6r:<\/p>\n<ul data-start=\"2203\" data-end=\"2483\">\n<li data-start=\"2203\" data-end=\"2249\">\n<p data-start=\"2205\" data-end=\"2249\">svetsblandning och avl\u00e4gsna \u00f6verfl\u00f6digt svetsgods<\/p>\n<\/li>\n<li data-start=\"2250\" data-end=\"2283\">\n<p data-start=\"2252\" data-end=\"2283\">avfasning och kantf\u00f6rberedelse<\/p>\n<\/li>\n<li data-start=\"2284\" data-end=\"2347\">\n<p data-start=\"2286\" data-end=\"2347\">tung materialavverkning f\u00f6r underh\u00e5ll, reparation och tillverkning<\/p>\n<\/li>\n<li data-start=\"2348\" data-end=\"2394\">\n<p data-start=\"2350\" data-end=\"2394\">slipning p\u00e5 b\u00e5de mjuka och rostfria st\u00e5l<\/p>\n<\/li>\n<li data-start=\"2395\" data-end=\"2483\">\n<p data-start=\"2397\" data-end=\"2483\">arbeta med pneumatiska eller elektriska vinkelslipmaskiner<\/p>\n<\/li>\n<\/ul>\n<hr data-start=\"2485\" data-end=\"2488\" \/>\n<p data-start=\"2490\" data-end=\"2797\">\ud83d\udca1 <strong data-start=\"2493\" data-end=\"2505\">Sammanfattning:<\/strong> 3M Silver Depressed Center Grinding Wheel 44538 \u00e4r en kraftig, h\u00f6gpresterande slipskiva utformad f\u00f6r att ge effektiv materialavverkning och f\u00f6rl\u00e4ngd livsl\u00e4ngd i kr\u00e4vande metallbearbetningsapplikationer, tack vare 3Ms precisions-keramiska kornteknik.<\/p>\n<div id=\"mttContainer\" class=\"notranslate\" style=\"transform: translate(729px, 212px);\" aria-expanded=\"false\">\n<div id=\"tippy-1\" style=\"z-index: 100000200; visibility: hidden; position: absolute; inset: auto auto 0px 0px; margin: 0px; transform: translate(399px, -20px);\" data-tippy-root=\"\">\n<div class=\"tippy-box\" style=\"max-width: 350px; transition-duration: 250ms;\" tabindex=\"-1\" role=\"mtttooltip\" data-state=\"hidden\" data-theme=\"custom\" data-animation=\"fade\" data-placement=\"top\">\n<div class=\"tippy-content\" style=\"transition-duration: 250ms;\" data-state=\"hidden\"><span dir=\"ltr\">Brett materialanv\u00e4ndningsomr\u00e5de: L\u00e4mplig f\u00f6r kolst\u00e5l, rostfritt st\u00e5l och andra metallunderlag.<\/span><\/div>\n<div class=\"tippy-arrow\" style=\"position: absolute; left: 0px; transform: translate(92px, 0px);\"><\/div>\n<\/div>\n<\/div>\n<\/div>","protected":false},"excerpt":{"rendered":"<p>This wheel is part of 3M\u2019s Advanced Series abrasives, engineered for heavy grinding and stock removal, especially useful in demanding metalworking tasks like weld grinding, beveling, edge chamfering and surface preparation. It combines 3M Precision-Shaped Ceramic Grain for consistent cutting performance, long life, and superior durability compared to traditional abrasive wheels. \ud83d\udee0 Key Features Designed [&hellip;]<\/p>","protected":false},"featured_media":4164,"comment_status":"open","ping_status":"closed","template":"","meta":[],"product_brand":[153],"product_cat":[155],"product_tag":[],"class_list":{"0":"post-4162","1":"product","2":"type-product","3":"status-publish","4":"has-post-thumbnail","6":"product_brand-3m","7":"product_cat-cutting-discs","9":"first","10":"instock","11":"featured","12":"shipping-taxable","13":"purchasable","14":"product-type-simple"},"jetpack_sharing_enabled":true,"_links":{"self":[{"href":"https:\/\/comf.fi\/sv\/wp-json\/wp\/v2\/product\/4162","targetHints":{"allow":["GET"]}}],"collection":[{"href":"https:\/\/comf.fi\/sv\/wp-json\/wp\/v2\/product"}],"about":[{"href":"https:\/\/comf.fi\/sv\/wp-json\/wp\/v2\/types\/product"}],"replies":[{"embeddable":true,"href":"https:\/\/comf.fi\/sv\/wp-json\/wp\/v2\/comments?post=4162"}],"wp:featuredmedia":[{"embeddable":true,"href":"https:\/\/comf.fi\/sv\/wp-json\/wp\/v2\/media\/4164"}],"wp:attachment":[{"href":"https:\/\/comf.fi\/sv\/wp-json\/wp\/v2\/media?parent=4162"}],"wp:term":[{"taxonomy":"product_brand","embeddable":true,"href":"https:\/\/comf.fi\/sv\/wp-json\/wp\/v2\/product_brand?post=4162"},{"taxonomy":"product_cat","embeddable":true,"href":"https:\/\/comf.fi\/sv\/wp-json\/wp\/v2\/product_cat?post=4162"},{"taxonomy":"product_tag","embeddable":true,"href":"https:\/\/comf.fi\/sv\/wp-json\/wp\/v2\/product_tag?post=4162"}],"curies":[{"name":"wp","href":"https:\/\/api.w.org\/{rel}","templated":true}]}}